{"id":10119,"date":"2023-05-29T23:03:42","date_gmt":"2023-05-30T03:03:42","guid":{"rendered":"https:\/\/celebritemag.com\/a-propos\/"},"modified":"2025-05-07T22:30:22","modified_gmt":"2025-05-08T02:30:22","slug":"a-propos","status":"publish","type":"page","link":"https:\/\/celebritemag.com\/en\/a-propos\/","title":{"rendered":"About us"},"content":{"rendered":"<p>La cr\u00e9ation de C\u00e9l\u00e9brit\u00e9 Magazine r\u00e9pond \u00e0 un vide laiss\u00e9 ou cr\u00e9\u00e9 par des m\u00e9dias locaux qui s\u2019int\u00e9ressent de moins en moins aux artistes, nationaux et internationaux.<\/p>\n<p>Que font les artistes? Comment vivent-ils? Quels sont leurs projets \u00e0 court, moyen, long terme? C\u2019est \u00e0 ces questions, qui vous int\u00e9ressent, que C\u00e9l\u00e9brit\u00e9 Magazine se proposent de r\u00e9pondre. Et plus encore\u2026<\/p>\n<p>Ce sont les artistes dans tous les domaines, musique, peinture, cin\u00e9ma, sport\u2026, qui font bouger le monde. C\u00e9l\u00e9brit\u00e9 Magazine entend simplement vibrer avec eux, et vous faire vibrer\u00a0en\u00a0retour\u00a0!<\/p>\n","protected":false},"excerpt":{"rendered":"<p>La cr\u00e9ation de C\u00e9l\u00e9brit\u00e9 Magazine r\u00e9pond \u00e0 un vide laiss\u00e9 ou cr\u00e9\u00e9 par des m\u00e9dias locaux qui s\u2019int\u00e9ressent de moins en moins aux artistes, nationaux et internationaux. Que font les artistes? Comment vivent-ils? Quels sont leurs projets \u00e0 court, moyen, long terme? C\u2019est \u00e0 ces questions, qui vous int\u00e9ressent, que C\u00e9l\u00e9brit\u00e9 Magazine se proposent de [&hellip;]<\/p>\n","protected":false},"author":3,"featured_media":0,"parent":0,"menu_order":0,"comment_status":"closed","ping_status":"closed","template":"","meta":{"jnews_page_loop":{"enable_page_loop":"0","first_title":"Latest Post","second_title":"","header_type":"heading_6","header_background":"","header_text_color":"","layout":"right-sidebar","sidebar":"default-sidebar","second_sidebar":"default-sidebar","sticky_sidebar":"1","module":"3","boxed":"0","boxed_shadow":"0","box_shadow":"0","excerpt_length":"20","content_date":"default","date_custom":"Y\/m\/d","content_pagination":"nav_1","pagination_align":"center","show_navtext":"0","show_pageinfo":"0","post_offset":"0","posts_per_page":"5","include_post":"","exclude_post":"","include_category":"","exclude_category":"","include_author":"","include_tag":"","exclude_tag":"","sort_by":"latest"},"jnews_single_page":{"layout":"right-sidebar","sidebar":"default-sidebar","second_sidebar":"default-sidebar","sticky_sidebar":"1","show_post_featured":"1","show_post_meta":"0","share_position":"top","share_color":"share-monocrhome"},"jnews_social_meta":{"fb_title":"","fb_description":"","fb_image":"","twitter_title":"","twitter_description":"","twitter_image":""},"footnotes":""},"class_list":["post-10119","page","type-page","status-publish","hentry"],"_links":{"self":[{"href":"https:\/\/celebritemag.com\/en\/wp-json\/wp\/v2\/pages\/10119","targetHints":{"allow":["GET"]}}],"collection":[{"href":"https:\/\/celebritemag.com\/en\/wp-json\/wp\/v2\/pages"}],"about":[{"href":"https:\/\/celebritemag.com\/en\/wp-json\/wp\/v2\/types\/page"}],"author":[{"embeddable":true,"href":"https:\/\/celebritemag.com\/en\/wp-json\/wp\/v2\/users\/3"}],"replies":[{"embeddable":true,"href":"https:\/\/celebritemag.com\/en\/wp-json\/wp\/v2\/comments?post=10119"}],"version-history":[{"count":1,"href":"https:\/\/celebritemag.com\/en\/wp-json\/wp\/v2\/pages\/10119\/revisions"}],"predecessor-version":[{"id":10121,"href":"https:\/\/celebritemag.com\/en\/wp-json\/wp\/v2\/pages\/10119\/revisions\/10121"}],"wp:attachment":[{"href":"https:\/\/celebritemag.com\/en\/wp-json\/wp\/v2\/media?parent=10119"}],"curies":[{"name":"wp","href":"https:\/\/api.w.org\/{rel}","templated":true}]}}