{"id":10135,"date":"2023-12-23T00:03:35","date_gmt":"2023-12-23T04:03:35","guid":{"rendered":"https:\/\/celebritemag.com\/confidentialite\/"},"modified":"2025-05-07T22:44:29","modified_gmt":"2025-05-08T02:44:29","slug":"privacy-policy","status":"publish","type":"page","link":"https:\/\/celebritemag.com\/en\/privacy-policy\/","title":{"rendered":"Privacy Policy"},"content":{"rendered":"<p><strong>POLITIQUE DE CONFIDENTIALIT\u00c9<\/strong><br \/>\nLe respect de votre vie priv\u00e9e et votre s\u00e9curit\u00e9 sont essentiels pour nous.<\/p>\n<p><strong>C\u00e9l\u00e9brit\u00e9 Magazine<\/strong> exploite le site Web reli\u00e9 aux coordonn\u00e9es <a href=\"http:\/\/www.celebritemag.com\">www.celebritemag.com<\/a> (ci-apr\u00e8s d\u00e9sign\u00e9 le \u00ab site \u00bb). L\u2019utilisation du site est r\u00e9gie par les conditions apparaissant ci-dessous, qui constituent un contrat entre vous et <strong>C\u00e9l\u00e9brit\u00e9 Magazine<\/strong>. En utilisant le site, vous reconnaissez avoir lu et compris ces conditions.<\/p>\n<p><strong>Respect de votre vie priv\u00e9e<\/strong><br \/>\nVous pouvez visiter le site de celebritemag.com de mani\u00e8re anonyme en tout temps et sans nous r\u00e9v\u00e9ler d\u2019informations personnelles. Lorsque vous vous connectez \u00e0 notre site, comme \u00e0 tout autre site Web, notre serveur d\u00e9tecte l\u2019adresse IP de votre ordinateur afin de permettre l\u2019\u00e9change de donn\u00e9es. <strong>C\u00e9l\u00e9brit\u00e9 Magazine <\/strong>\u00e9tablit \u00e0 l\u2019aide de cette adresse IP des statistiques relatives \u00e0 la fr\u00e9quentation de son site. (Par exemple sur les pages les plus souvent consult\u00e9es). Aucune information personnelle n\u2019est reli\u00e9e \u00e0 votre adresse IP.<\/p>\n<p>Quelles sont les informations que <strong>C\u00e9l\u00e9brit\u00e9 Magazine<\/strong> recueille sur vous ?<br \/>\nDans certaines circonstances, \u00e0 l\u2019occasion de l\u2019adh\u00e9sion \u00e0 un service, <strong>C\u00e9l\u00e9brit\u00e9 Magazine<\/strong> demande que vous transmettiez vos nom, adresse, adresse de courriel, num\u00e9ro de t\u00e9l\u00e9phone, ville, departement, \u00e2ge et, si vous l\u2019acceptez, certaines autres informations. Dans la mesure du possible, <strong>C\u00e9l\u00e9brit\u00e9 Magazine<\/strong> vous fournira les moyens de v\u00e9rifier que les informations confidentielles que vous transmettez sont exactes et \u00e0 jour.<\/p>\n<p>Quelle utilisation est faite par <strong>C\u00e9l\u00e9brit\u00e9 Magazine <\/strong>des informations recueillies ?<br \/>\nLes informations que <strong>C\u00e9l\u00e9brit\u00e9 Magazine<\/strong> recueille sur vous lui permettent d\u2019ouvrir un compte \u00e0 votre nom, de traiter votre commande, de personnaliser ses rapports avec vous, de vous faire parvenir de temps \u00e0 autre, de l\u2019information sur le site, ses services ou ses produits de fa\u00e7on personnalis\u00e9e (Newsletter, App, etc\u2026). Nous ne faisons jamais de multipostages abusifs. <strong>C\u00e9l\u00e9brit\u00e9 Magazine<\/strong> peut \u00e0 l\u2019occasion mettre la liste d\u2019adresses des abonn\u00e9s au journal \u00e0 la disposition d\u2019organisations reconnues dont la cause, les produits ou les services peuvent int\u00e9resser nos lecteurs. Si vous souhaitez ne pas recevoir de correspondance de ces organisations, veuillez en aviser notre service \u00e0 la client\u00e8le.<\/p>\n<p><strong>C\u00e9l\u00e9brit\u00e9 Magazine<\/strong><br \/>\nAdresse: 28, Cote plage 24, Carrefour HT, 6130, Haiti<br \/>\nTelephone: +5094399-9999<br \/>\nEmail: <a href=\"mailto:contact@celebritemag.com\">contact@celebritemag.com<\/a><\/p>\n<p><strong>Liens vers d\u2019autres sites<\/strong><br \/>\nLe site comporte des liens vers des sites Web exploit\u00e9s par d\u2019autres organisations. En cliquant sur ces liens, vous quittez le site. <strong>C\u00e9l\u00e9brit\u00e9 Magazine<\/strong> \u00a0n\u2019exerce aucun contr\u00f4le sur l\u2019exploitation de ces sites Web et le fait qu\u2019ils soient r\u00e9pertori\u00e9s sur <strong>C\u00e9l\u00e9brit\u00e9 Magazine<\/strong>\u00a0n\u2019engage d\u2019aucune fa\u00e7on sa responsabilit\u00e9. Nous vous recommandons de porter une attention particuli\u00e8re aux politiques de protection des informations personnelles de ces sites.<\/p>\n<p><strong>Les \u00ab t\u00e9moins \u00bb<\/strong><br \/>\nLe t\u00e9moin ou \u00ab cookie \u00bb est un petit fichier texte qui s\u2019incorpore dans votre disque dur \u00e0 partir de certaines pages Web du site. Les t\u00e9moins sont inoffensifs en ce qu\u2019ils ne peuvent pas extraire des informations de votre disque dur, sur lequel vous avez le plein contr\u00f4le. <strong>C\u00e9l\u00e9brit\u00e9 Magazine<\/strong>\u00a0peut utiliser des t\u00e9moins afin de personnaliser l\u2019utilisation que vous faites du site. Il vous est possible en tout temps de ne plus \u00eatre assujetti aux t\u00e9moins en modifiant la configuration de votre ordinateur.<\/p>\n<p><strong>Propri\u00e9t\u00e9 intellectuelle<\/strong><br \/>\nLes contenus inclus dans le site sont prot\u00e9g\u00e9s par les lois relatives aux droits d\u2019auteur et par les trait\u00e9s internationaux. Toute reproduction, publication, distribution ou ex\u00e9cution publique des contenus inclus dans le site, en partie ou en totalit\u00e9, \u00e0 des fins autres que celles d\u2019utilisation personnelle, est strictement interdite. Le site ou toute partie de celui-ci ne peut \u00eatre copi\u00e9, dupliqu\u00e9, reproduit, vendu, lou\u00e9 ou autrement utilis\u00e9 \u00e0 des fins commerciales, sauf avec l\u2019approbation pr\u00e9alable de <strong>C\u00e9l\u00e9brit\u00e9 Magazine<\/strong>.<\/p>\n<p><strong>Politiques d\u2019acc\u00e8s<\/strong><br \/>\n<strong>C\u00e9l\u00e9brit\u00e9 Magazine<\/strong> se r\u00e9serve le droit de refuser l\u2019acc\u00e8s \u00e0 son site Web et notamment \u00e0 ses forums de discussion et autres espaces publics \u00e0 toute personne dont la conduite est ill\u00e9gale, pr\u00e9judiciable, inappropri\u00e9e, ou susceptible de l\u2019\u00eatre \u00e0 l\u2019\u00e9gard de <strong>C\u00e9l\u00e9brit\u00e9 Magazine<\/strong>, d\u2019un de ses partenaires ou du public en g\u00e9n\u00e9ral.<\/p>\n<p><strong>Lois applicables<\/strong><br \/>\nLe pr\u00e9sent contrat est assujetti aux lois en vigueur en Ha\u00efti.<\/p>\n<p><strong>Contacts-Nous<\/strong><br \/>\nVous \u00eates invit\u00e9 \u00e0 communiquer sans d\u00e9lai \u00e0 <a href=\"https:\/\/celebritemag.com\/en\/contact-us\/\"><strong>C\u00e9l\u00e9brit\u00e9 Magazine <\/strong><\/a>vos questions ou vos plaintes sur la protection de vos renseignements :<\/p>\n<p><strong>C\u00e9l\u00e9brit\u00e9 Magazine<\/strong><br \/>\nAdresse: 28, Cote plage 24, Carrefour HT, 6130, Haiti<br \/>\nTelephone: +5094399-9999<br \/>\nEmail: <a href=\"mailto:contact@celebritemag.com\">contact@celebritemag.com<\/a><\/p>\n","protected":false},"excerpt":{"rendered":"<p>POLITIQUE DE CONFIDENTIALIT\u00c9 Le respect de votre vie priv\u00e9e et votre s\u00e9curit\u00e9 sont essentiels pour nous. C\u00e9l\u00e9brit\u00e9 Magazine exploite le site Web reli\u00e9 aux coordonn\u00e9es www.celebritemag.com (ci-apr\u00e8s d\u00e9sign\u00e9 le \u00ab site \u00bb). L\u2019utilisation du site est r\u00e9gie par les conditions apparaissant ci-dessous, qui constituent un contrat entre vous et C\u00e9l\u00e9brit\u00e9 Magazine. En utilisant le site, [&hellip;]<\/p>\n","protected":false},"author":3,"featured_media":0,"parent":0,"menu_order":0,"comment_status":"closed","ping_status":"closed","template":"","meta":{"jnews_page_loop":{"enable_page_loop":"0","first_title":"Latest Post","second_title":"","header_type":"heading_6","header_background":"","header_text_color":"","layout":"right-sidebar","sidebar":"default-sidebar","second_sidebar":"default-sidebar","sticky_sidebar":"1","module":"3","boxed":"0","boxed_shadow":"0","box_shadow":"0","excerpt_length":"20","content_date":"default","date_custom":"Y\/m\/d","content_pagination":"nav_1","pagination_align":"center","show_navtext":"0","show_pageinfo":"0","post_offset":"0","posts_per_page":"5","include_post":"","exclude_post":"","include_category":"","exclude_category":"","include_author":"","include_tag":"","exclude_tag":"","sort_by":"latest"},"jnews_single_page":{"layout":"no-sidebar","sidebar":"default-sidebar","second_sidebar":"default-sidebar","sticky_sidebar":"1","show_post_featured":"1","show_post_meta":"0","share_position":"top","share_color":"share-monocrhome"},"jnews_social_meta":{"fb_title":"","fb_description":"","fb_image":"","twitter_title":"","twitter_description":"","twitter_image":""},"footnotes":""},"class_list":["post-10135","page","type-page","status-publish","hentry"],"_links":{"self":[{"href":"https:\/\/celebritemag.com\/en\/wp-json\/wp\/v2\/pages\/10135","targetHints":{"allow":["GET"]}}],"collection":[{"href":"https:\/\/celebritemag.com\/en\/wp-json\/wp\/v2\/pages"}],"about":[{"href":"https:\/\/celebritemag.com\/en\/wp-json\/wp\/v2\/types\/page"}],"author":[{"embeddable":true,"href":"https:\/\/celebritemag.com\/en\/wp-json\/wp\/v2\/users\/3"}],"replies":[{"embeddable":true,"href":"https:\/\/celebritemag.com\/en\/wp-json\/wp\/v2\/comments?post=10135"}],"version-history":[{"count":1,"href":"https:\/\/celebritemag.com\/en\/wp-json\/wp\/v2\/pages\/10135\/revisions"}],"predecessor-version":[{"id":10137,"href":"https:\/\/celebritemag.com\/en\/wp-json\/wp\/v2\/pages\/10135\/revisions\/10137"}],"wp:attachment":[{"href":"https:\/\/celebritemag.com\/en\/wp-json\/wp\/v2\/media?parent=10135"}],"curies":[{"name":"wp","href":"https:\/\/api.w.org\/{rel}","templated":true}]}}