{"id":10132,"date":"2023-12-22T23:56:51","date_gmt":"2023-12-23T03:56:51","guid":{"rendered":"https:\/\/celebritemag.com\/mention-legales\/"},"modified":"2025-05-07T22:43:14","modified_gmt":"2025-05-08T02:43:14","slug":"avisos-legales","status":"publish","type":"page","link":"https:\/\/celebritemag.com\/es\/avisos-legales\/","title":{"rendered":"Avisos Legales"},"content":{"rendered":"<p><strong>CONDITIONS G\u00c9N\u00c9RALES D\u2019UTILISATION<\/strong><\/p>\n<p>Le pr\u00e9sent site est exploit\u00e9 par C\u00e9l\u00e9brit\u00e9 Magazine (ci-apr\u00e8s d\u00e9sign\u00e9 \u00ab l\u2019\u00c9diteur \u00bb), dont il est la propri\u00e9t\u00e9. En utilisant ce site, ou en y acc\u00e9dant, vous acceptez, sans limitations, d\u2019\u00eatre li\u00e9 aux pr\u00e9sentes conditions et de vous y conformer :<\/p>\n<p>1. Tous les \u00e9l\u00e9ments de ce site (y compris notamment les textes, articles, photographies, images, illustrations, extraits sonores et vid\u00e9o, logiciel, etc.) sont prot\u00e9g\u00e9s par le droit d\u2019auteur, qui est d\u00e9tenu par l\u2019\u00c9diteur, ses licenci\u00e9s ou tierces parties agissant comme fournisseurs de contenu. Sauf pour les exceptions mentionn\u00e9es aux pr\u00e9sentes, tous les droits sur le contenu de ce site sont r\u00e9serv\u00e9s par leurs propri\u00e9taires respectifs.<\/p>\n<p>2. L\u2019\u00c9diteur vous octroie une licence limit\u00e9e, non exclusive et non transf\u00e9rable d\u2019utiliser le site et de faire appara\u00eetre sur votre ordinateur ou autre dispositif \u00e9lectronique, les articles de ce site, pour votre utilisation personnelle et non commerciale.<\/p>\n<p>3. Il est strictement interdit de copier, reproduire, modifier, publier, distribuer ou participer \u00e0 la distribution, ou la vente du contenu de ce site, de cr\u00e9er des \u0153uvres d\u00e9riv\u00e9es de celui-ci, de traduire, t\u00e9l\u00e9charger, donner des licences d\u2019utilisation ou d\u2019exploitation, ou de quelconque fa\u00e7on exploiter, les \u00e9l\u00e9ments apparaissant sur le site, en tout ou en partie.<\/p>\n<p>4. De plus, vous acceptez de ne pas interf\u00e9rer, ou tenter de nuire aux activit\u00e9s normales ou \u00e0 l\u2019op\u00e9ration du site en utilisant des m\u00e9thodes telles que les caches (\u00ab caching \u00bb), les cadres (\u00ab framing \u00bb) ou des liens (\u00ab deep-linking \u00bb) ou en utilisant des moyens similaires sans l\u2019accord pr\u00e9alable et \u00e9crit de l\u2019\u00c9diteur.<\/p>\n<p>5. Vous acceptez \u00e9galement de ne pas utiliser un dispositif automatique, robotis\u00e9 ou manuel aux fins de cataloguer, r\u00e9sumer, surveiller ou copier ce site et son contenu, pour quelque motif que ce soit, sans l\u2019accord pr\u00e9alable et \u00e9crit de l\u2019\u00c9diteur.<\/p>\n<p>6. Si vous souhaitez reproduire, distribuer, conserver en archive ou faire toute autre utilisation commerciale des \u00e9l\u00e9ments contenus dans ce site, ou si vous souhaitez produire des revues de presse ou toute autre forme de surveillance m\u00e9diatique \u00e0 partir des \u00e9l\u00e9ments contenus dans ce site, vous devez au pr\u00e9alable acqu\u00e9rir les droits de licence requis en nous contactant :<\/p>\n<p>7. C\u00e9l\u00e9brit\u00e9 Magazine<br \/>\nAdresse: 28 Cote Plage 24, Carrefour 6130, Haiti<br \/>\nTelephone: +509 4399-9959<br \/>\nEmail: contact@celebritemag.com<\/p>\n<p>8. L\u2019\u00c9diteur se r\u00e9serve le droit de refuser l\u2019acc\u00e8s \u00e0 son site et notamment \u00e0 ses forums de discussion et autres espaces publics \u00e0 toute personne dont la conduite est ill\u00e9gale, pr\u00e9judiciable, inappropri\u00e9e, ou susceptible de l\u2019\u00eatre \u00e0 l\u2019\u00e9gard de C\u00e9l\u00e9brit\u00e9 Magazine d\u2019un de ses partenaires ou du public en g\u00e9n\u00e9ral.<\/p>\n<p>9. Les marques de commerce et logos utilis\u00e9s ou apparaissant dans ce site sont la propri\u00e9t\u00e9 de l\u2019\u00c9diteur ou de tierces parties. Rien dans le contenu de ce site ne doit \u00eatre interpr\u00e9t\u00e9 comme permettant, directement ou indirectement, l\u2019utilisation de ces marques et logos sans l\u2019autorisation pr\u00e9alable et \u00e9crite de leur propri\u00e9taire.<\/p>\n<p>10. En utilisant ce site, vous convenez et garantissez que :<\/p>\n<ul>\n<li>(i) l\u2019utilisation de ce site se fait \u00e0 vos propres risques; et<\/li>\n<li>(ii) les \u00e9l\u00e9ments de ce site sont fournis \u00ab tels quels \u00bb et selon leur disponibilit\u00e9. L\u2019\u00c9diteur se d\u00e9gage express\u00e9ment de toute responsabilit\u00e9 et garantie de toute nature, qu\u2019elle soit expresse ou implicite, y compris notamment la garantie d\u2019usage commercial, de conformit\u00e9 \u00e0 un usage particulier, d\u2019absence d\u2019erreur, de pr\u00e9cision, et de non-violation des droits de tiers.<\/li>\n<\/ul>\n<p>11. En utilisant ce site, vous convenez et garantissez que l\u2019\u00c9diteur ne pourra \u00eatre tenu responsable de tout dommage direct, indirect, sp\u00e9cial, d\u00e9riv\u00e9 ou exemplaire, y compris tout dommage pour la perte de profits, de client\u00e8le, d\u2019usage, de donn\u00e9es ou pour toute autre perte (et ce, m\u00eame si l\u2019\u00c9diteur a \u00e9t\u00e9 avis\u00e9 au pr\u00e9alable de la possibilit\u00e9 de tels dommages), qui r\u00e9sulteraient de :<\/p>\n<ul>\n<li>(i) de l\u2019utilisation ou de l\u2019impossibilit\u00e9 d\u2019utiliser le site,<\/li>\n<li>(ii) l\u2019utilisation des \u00e9l\u00e9ments de ce site, ou<\/li>\n<li>(iii) toute mati\u00e8re relative \u00e0 ce site et son contenu.<\/li>\n<\/ul>\n<p>12. Les termes des pr\u00e9sentes sont soumis et doivent \u00eatre interpr\u00e9t\u00e9s en application des lois en vigueur en Ha\u00efti.<\/p>\n","protected":false},"excerpt":{"rendered":"<p>CONDITIONS G\u00c9N\u00c9RALES D\u2019UTILISATION Le pr\u00e9sent site est exploit\u00e9 par C\u00e9l\u00e9brit\u00e9 Magazine (ci-apr\u00e8s d\u00e9sign\u00e9 \u00ab l\u2019\u00c9diteur \u00bb), dont il est la propri\u00e9t\u00e9. En utilisant ce site, ou en y acc\u00e9dant, vous acceptez, sans limitations, d\u2019\u00eatre li\u00e9 aux pr\u00e9sentes conditions et de vous y conformer : 1. Tous les \u00e9l\u00e9ments de ce site (y compris notamment les [&hellip;]<\/p>\n","protected":false},"author":3,"featured_media":0,"parent":0,"menu_order":0,"comment_status":"closed","ping_status":"closed","template":"","meta":{"jnews_page_loop":[],"jnews_single_page":[],"jnews_social_meta":[],"footnotes":""},"class_list":["post-10132","page","type-page","status-publish","hentry"],"_links":{"self":[{"href":"https:\/\/celebritemag.com\/es\/wp-json\/wp\/v2\/pages\/10132","targetHints":{"allow":["GET"]}}],"collection":[{"href":"https:\/\/celebritemag.com\/es\/wp-json\/wp\/v2\/pages"}],"about":[{"href":"https:\/\/celebritemag.com\/es\/wp-json\/wp\/v2\/types\/page"}],"author":[{"embeddable":true,"href":"https:\/\/celebritemag.com\/es\/wp-json\/wp\/v2\/users\/3"}],"replies":[{"embeddable":true,"href":"https:\/\/celebritemag.com\/es\/wp-json\/wp\/v2\/comments?post=10132"}],"version-history":[{"count":1,"href":"https:\/\/celebritemag.com\/es\/wp-json\/wp\/v2\/pages\/10132\/revisions"}],"predecessor-version":[{"id":10134,"href":"https:\/\/celebritemag.com\/es\/wp-json\/wp\/v2\/pages\/10132\/revisions\/10134"}],"wp:attachment":[{"href":"https:\/\/celebritemag.com\/es\/wp-json\/wp\/v2\/media?parent=10132"}],"curies":[{"name":"wp","href":"https:\/\/api.w.org\/{rel}","templated":true}]}}